{"id":28,"date":"2017-02-06T12:56:00","date_gmt":"2017-02-06T12:56:00","guid":{"rendered":"http:\/\/themes.uxbarn.com\/wp\/enso-dummy\/?page_id=28"},"modified":"2025-03-16T15:43:36","modified_gmt":"2025-03-16T15:43:36","slug":"about-julie-macdougall","status":"publish","type":"page","link":"https:\/\/rolandwenger.com\/?page_id=28","title":{"rendered":"\u00dcber mich"},"content":{"rendered":"\n<p><\/p>\n\n\n<div class=\"wp-block-image\">\n<figure class=\"alignleft size-full is-resized\"><a href=\"https:\/\/rolandwenger.com\/wp-content\/uploads\/2023\/04\/IMG_20200216_055853_309-1.jpg\"><img loading=\"lazy\" decoding=\"async\" width=\"809\" height=\"809\" src=\"https:\/\/rolandwenger.com\/wp-content\/uploads\/2023\/04\/IMG_20200216_055853_309-1.jpg\" alt=\"\" class=\"wp-image-203\" style=\"width:207px;height:207px\" srcset=\"https:\/\/rolandwenger.com\/wp-content\/uploads\/2023\/04\/IMG_20200216_055853_309-1.jpg 809w, https:\/\/rolandwenger.com\/wp-content\/uploads\/2023\/04\/IMG_20200216_055853_309-1-300x300.jpg 300w, https:\/\/rolandwenger.com\/wp-content\/uploads\/2023\/04\/IMG_20200216_055853_309-1-150x150.jpg 150w, https:\/\/rolandwenger.com\/wp-content\/uploads\/2023\/04\/IMG_20200216_055853_309-1-768x768.jpg 768w, https:\/\/rolandwenger.com\/wp-content\/uploads\/2023\/04\/IMG_20200216_055853_309-1-600x600.jpg 600w\" sizes=\"auto, (max-width: 809px) 100vw, 809px\" \/><\/a><\/figure>\n<\/div>\n\n<p>F\u00fcr mich ist die Fotografie meine Passion.<\/p>\n<p>Angefangen hat alles mit ca. 8 Jahren, wo ich auf dem Weg zu meiner Grossmutter immer wieder an einem Gebrauchtwarenladen vorbei gehen musste. Eines Tages sah ich im Schaufenster ein Ger\u00e4t ausgestellt. Ich betrat den Laden und lies mir dieses Ger\u00e4t zeigen. Heute weiss ich ich es war eine analoge Spiegelreflexkamera.<br \/>Eine Yashica aus den fr\u00fchen siebziger Jahren. Ich habe den Ladenbetreiber gefragt ob ich dieses Ger\u00e4t haben kann. Er hat es mir f\u00fcr 20.- Franken \u00fcberlassen. So hatte ich ein neues Spielzeug. Ich wusste damals nicht was ich da in den H\u00e4nden hielt. Es hat mich einfach begeistert durch den Sucher zu schauen am Objektiv zu drehen und abzudr\u00fccken. Die Kamera hat von mir nie einen Film erhalten und demzufolge habe ich auch nie ein richtiges Bild damit gemacht. Ich habe mich aber an dem Ger\u00e4t erfreut und habe mich daf\u00fcr begeistert. Im Rahmen meiner Ausbildung, durfte ich die Fotografie von Grund auf erlernen und meiner Begeisterung daf\u00fcr voll ausleben.<\/p>\n<p>Ich fotografieren aus Begeisterung, aus Freude an dem was entsteht. Ich mag es Bilder zu kreieren und anzuschauen. Die Erlebnisse rund um den Entstehungsprozess sind f\u00fcr mich ebenso wertvoll wie die Bilder selber. Jedes Bild bringt eine Erinnerung, welche manchmal mehr zu beindrucken vermag als das Bild selber.<\/p>\n<p><em>Roland Wenger<br \/>28-04-2023<\/em><\/p>","protected":false},"excerpt":{"rendered":"<p>F\u00fcr mich ist die Fotografie meine Passion. Angefangen hat alles mit ca. 8 Jahren, wo ich auf dem Weg zu meiner Grossmutter immer wieder an einem Gebrauchtwarenladen vorbei gehen musste. Eines Tages sah ich im Schaufenster ein Ger\u00e4t ausgestellt. Ich betrat den Laden und lies mir dieses Ger\u00e4t zeigen. Heute weiss ich ich es war eine analoge Spiegelreflexkamera.Eine Yashica aus den fr\u00fchen siebziger Jahren. Ich habe den Ladenbetreiber gefragt ob ich dieses Ger\u00e4t haben kann. Er hat es mir f\u00fcr 20.- Franken \u00fcberlassen. So hatte ich ein neues Spielzeug. Ich wusste damals nicht was ich da in den H\u00e4nden hielt. Es hat mich einfach begeistert durch den Sucher zu schauen am Objektiv zu drehen und abzudr\u00fccken. Die Kamera hat von mir nie einen Film erhalten und demzufolge habe ich auch nie ein richtiges Bild damit gemacht. Ich habe mich aber an dem Ger\u00e4t erfreut und habe mich daf\u00fcr begeistert. Im Rahmen meiner Ausbildung, durfte ich die Fotografie von Grund auf erlernen und meiner Begeisterung daf\u00fcr voll ausleben. Ich fotografieren aus Begeisterung, aus Freude an dem was entsteht. Ich mag es Bilder zu kreieren und anzuschauen. Die Erlebnisse rund um den Entstehungsprozess sind f\u00fcr mich ebenso wertvoll wie die Bilder selber. Jedes Bild bringt eine Erinnerung, welche manchmal mehr zu beindrucken vermag als das Bild selber. Roland Wenger28-04-2023<\/p>\n","protected":false},"author":1,"featured_media":0,"parent":0,"menu_order":0,"comment_status":"closed","ping_status":"closed","template":"","meta":{"footnotes":""},"class_list":["post-28","page","type-page","status-publish","hentry"],"_links":{"self":[{"href":"https:\/\/rolandwenger.com\/index.php?rest_route=\/wp\/v2\/pages\/28","targetHints":{"allow":["GET"]}}],"collection":[{"href":"https:\/\/rolandwenger.com\/index.php?rest_route=\/wp\/v2\/pages"}],"about":[{"href":"https:\/\/rolandwenger.com\/index.php?rest_route=\/wp\/v2\/types\/page"}],"author":[{"embeddable":true,"href":"https:\/\/rolandwenger.com\/index.php?rest_route=\/wp\/v2\/users\/1"}],"replies":[{"embeddable":true,"href":"https:\/\/rolandwenger.com\/index.php?rest_route=%2Fwp%2Fv2%2Fcomments&post=28"}],"version-history":[{"count":37,"href":"https:\/\/rolandwenger.com\/index.php?rest_route=\/wp\/v2\/pages\/28\/revisions"}],"predecessor-version":[{"id":253,"href":"https:\/\/rolandwenger.com\/index.php?rest_route=\/wp\/v2\/pages\/28\/revisions\/253"}],"wp:attachment":[{"href":"https:\/\/rolandwenger.com\/index.php?rest_route=%2Fwp%2Fv2%2Fmedia&parent=28"}],"curies":[{"name":"wp","href":"https:\/\/api.w.org\/{rel}","templated":true}]}}